{"id":1663,"date":"2022-10-19T22:28:23","date_gmt":"2022-10-19T22:28:23","guid":{"rendered":"http:\/\/electronicajunior.com\/web\/?post_type=product&#038;p=1663"},"modified":"2022-10-19T22:28:23","modified_gmt":"2022-10-19T22:28:23","slug":"laboratorio-mr-robotico","status":"publish","type":"product","link":"http:\/\/electronicajunior.com\/web\/producto\/laboratorio-mr-robotico\/","title":{"rendered":"Laboratorio Mr Rob\u00f3tico"},"content":{"rendered":"<p><strong>Ofrece a los maestros un apoyo en sus programas de estudio<br \/>\n<\/strong>Como este kit se ha dise\u00f1ado pensando en un aprendizaje gradual y de manera muy pr\u00e1ctica, puede ser utilizado para apoyar los programas de estudio de diversas materias t\u00e9cnicas.<\/p>\n<p><strong>Ventajas:<br \/>\n<\/strong>\u00a0 \u00a0 \u2022\u00a0Apto para todo p\u00fablico.<br \/>\n\u2022\u00a0Se pueden armar y desarmar las pr\u00e1cticas.<br \/>\n\u2022\u00a0Explicaciones claras con un enfoque 80-20 (80% pr\u00e1ctica, 20% teor\u00eda).<br \/>\n\u2022\u00a0Ense\u00f1a los conceptos b\u00e1sicos de la electr\u00f3nica.<br \/>\n\u2022\u00a0A trav\u00e9s de una App Android es posible controlar el auto mediante la interfaz en pantalla, por voz o con una l\u00e1mpara.<br \/>\n\u2022\u00a0Ideal para apoyar programas de estudio de escuelas secundarias, bachilleratos, profesional t\u00e9cnico y capacitaci\u00f3n para el trabajo.<br \/>\n\u2022\u00a0Se vende a un costo muy bajo, comparativamente con otros proyectos similares o de menor vanguardia tecnol\u00f3gica.<\/p>\n<p><b>Incluye:<br \/>\n<\/b>\u00a0 \u00a0 \u2022\u00a0Manual y componentes (excepto bater\u00eda).<br \/>\n\u2022\u00a0Pr\u00e1cticas con peque\u00f1as explicaciones te\u00f3ricas, as\u00ed como un diagrama esquem\u00e1tico.<br \/>\n\u2022\u00a0Dos diagramas pict\u00f3ricos por pr\u00e1ctica, uno en perspectiva y otro superior, como gu\u00eda para el armado.<br \/>\n\u2022\u00a0Tecnolog\u00eda compatible con Arduino para el control del auto robot.<br \/>\n\u2022\u00a0Gu\u00edas y material did\u00e1ctico para el profesor.<br \/>\n\u2022\u00a0Videos demostrativos para el estudiante.<\/p>\n","protected":false},"excerpt":{"rendered":"<p>El Mr. Rob\u00f3tico es un nuevo kit para iniciarse en el fascinante mundo de la rob\u00f3tica.\u00a0<b>Incluye libro-manual en color<\/b>\u00a0y componentes para comenzar a practicar \u00a1ya!<br \/>\nApto para todo p\u00fablico, aunque es ideal para estudiantes de secundaria, bachillerato, profesional t\u00e9cnico y carreras de capacitaci\u00f3n para el trabajo relacionadas con la electr\u00f3nica y la mecatr\u00f3nica.<br \/>\nEl estudiante va desarrollando sus competencias en esas \u00e1reas, alcanzando de manera secuencial un mayor nivel de dificultad.<\/p>\n","protected":false},"featured_media":1664,"comment_status":"open","ping_status":"closed","template":"","meta":{"site-sidebar-layout":"default","site-content-layout":"default","ast-site-content-layout":"default","site-content-style":"default","site-sidebar-style":"default","ast-global-header-display":"","ast-banner-title-visibility":"","ast-main-header-display":"","ast-hfb-above-header-display":"","ast-hfb-below-header-display":"","ast-hfb-mobile-header-display":"","site-post-title":"","ast-breadcrumbs-content":"","ast-featured-img":"","footer-sml-layout":"","theme-transparent-header-meta":"default","adv-header-id-meta":"","stick-header-meta":"","header-above-stick-meta":"","header-main-stick-meta":"","header-below-stick-meta":"","astra-migrate-meta-layouts":"default","ast-page-background-enabled":"default","ast-page-background-meta":{"desktop":{"background-color":"var(--ast-global-color-4)","background-image":"","background-repeat":"repeat","background-position":"center center","background-size":"auto","background-attachment":"scroll","background-type":"","background-media":"","overlay-type":"","overlay-color":"","overlay-opacity":"","overlay-gradient":""},"tablet":{"background-color":"","background-image":"","background-repeat":"repeat","background-position":"center center","background-size":"auto","background-attachment":"scroll","background-type":"","background-media":"","overlay-type":"","overlay-color":"","overlay-opacity":"","overlay-gradient":""},"mobile":{"background-color":"","background-image":"","background-repeat":"repeat","background-position":"center center","background-size":"auto","background-attachment":"scroll","background-type":"","background-media":"","overlay-type":"","overlay-color":"","overlay-opacity":"","overlay-gradient":""}},"ast-content-background-meta":{"desktop":{"background-color":"var(--ast-global-color-5)","background-image":"","background-repeat":"repeat","background-position":"center center","background-size":"auto","background-attachment":"scroll","background-type":"","background-media":"","overlay-type":"","overlay-color":"","overlay-opacity":"","overlay-gradient":""},"tablet":{"background-color":"var(--ast-global-color-5)","background-image":"","background-repeat":"repeat","background-position":"center center","background-size":"auto","background-attachment":"scroll","background-type":"","background-media":"","overlay-type":"","overlay-color":"","overlay-opacity":"","overlay-gradient":""},"mobile":{"background-color":"var(--ast-global-color-5)","background-image":"","background-repeat":"repeat","background-position":"center center","background-size":"auto","background-attachment":"scroll","background-type":"","background-media":"","overlay-type":"","overlay-color":"","overlay-opacity":"","overlay-gradient":""}}},"product_brand":[],"product_cat":[26],"product_tag":[],"class_list":{"0":"post-1663","1":"product","2":"type-product","3":"status-publish","4":"has-post-thumbnail","6":"product_cat-robotica","7":"desktop-align-left","8":"tablet-align-left","9":"mobile-align-left","11":"first","12":"instock","13":"shipping-taxable","14":"purchasable","15":"product-type-simple"},"_links":{"self":[{"href":"http:\/\/electronicajunior.com\/web\/wp-json\/wp\/v2\/product\/1663","targetHints":{"allow":["GET"]}}],"collection":[{"href":"http:\/\/electronicajunior.com\/web\/wp-json\/wp\/v2\/product"}],"about":[{"href":"http:\/\/electronicajunior.com\/web\/wp-json\/wp\/v2\/types\/product"}],"replies":[{"embeddable":true,"href":"http:\/\/electronicajunior.com\/web\/wp-json\/wp\/v2\/comments?post=1663"}],"wp:featuredmedia":[{"embeddable":true,"href":"http:\/\/electronicajunior.com\/web\/wp-json\/wp\/v2\/media\/1664"}],"wp:attachment":[{"href":"http:\/\/electronicajunior.com\/web\/wp-json\/wp\/v2\/media?parent=1663"}],"wp:term":[{"taxonomy":"product_brand","embeddable":true,"href":"http:\/\/electronicajunior.com\/web\/wp-json\/wp\/v2\/product_brand?post=1663"},{"taxonomy":"product_cat","embeddable":true,"href":"http:\/\/electronicajunior.com\/web\/wp-json\/wp\/v2\/product_cat?post=1663"},{"taxonomy":"product_tag","embeddable":true,"href":"http:\/\/electronicajunior.com\/web\/wp-json\/wp\/v2\/product_tag?post=1663"}],"curies":[{"name":"wp","href":"https:\/\/api.w.org\/{rel}","templated":true}]}}